{"id":2,"date":"2014-10-01T11:38:02","date_gmt":"2014-10-01T11:38:02","guid":{"rendered":"http:\/\/create40\/?page_id=2"},"modified":"2020-04-26T21:02:45","modified_gmt":"2020-04-26T20:02:45","slug":"sample-page","status":"publish","type":"page","link":"http:\/\/keramik-mields.de\/","title":{"rendered":"Keramik Studio Mields &#8211; Berlin"},"content":{"rendered":"<div class=\"fw-section hb-one-page-section without-border no-overlay dark-text-color\" style=\"background-color:#ffffff;margin-top:-51px;padding-top:60px;padding-bottom:80px;\" data-title=\"Studio\" id=\"toepferei-werkstatt-studio\"><div class=\"row fw-content-wrap\"><div class=\"col-12 nbm\"><div class=\"shortcode-wrapper shortcode-title clearfix\"><h1 class=\"\">KERAMIK STUDIO MIELDS &#8211; BERLIN<\/h1><\/div>\n<div class=\"shortcode-wrapper shortcode-spacer clearfix\"><div class=\"spacer\" style=\"height:20px;\"><\/div><\/div>\n<div class=\"col-6  hb-animate-element hb-left-to-right\">\nDie Werkstatt befindet sich nur 11 km vom Zentrum entfernt in der gr\u00fcnen Randlage Berlins auf dem Gel\u00e4nde des Kunsthofes Blankenfelde. Zusammen mit zwei Mitarbeitern und z.Z. einer Auszubildenden stellen wir feinste Keramiken in Handarbeit her. Dar\u00fcber hinaus realisieren wir auch baukeramische Auftragsarbeiten.<br \/>\nInsbesondere die Entwicklung und Herstellung der eigenen Tonmassen und Glasuren geben dem Keramikstudio Mields eine individuelle Handschrift.<\/p>\n<p>Jederzeit herzlich willkommen!<\/p>\n<p>Wir freuen uns \u00fcber Ihren Besuch in unserer Werkstatt oder in unserem Hofladen mit einem gro\u00dfen Sortiment an funktionaler und dekorativer Gebrauchs- und Studiokeramik.<br \/>\n<div class=\"hb-no-frame  medium \"><span><a><img loading=\"lazy\" decoding=\"async\" src=\"http:\/\/keramik-mields.de\/wp-content\/uploads\/2015\/09\/Hof.png\" width=\"253\" height=\"288\" alt=\"Image\"\/><\/a><\/span><\/div>\n\u00d6ffnungszeiten:<br \/>\nMontag bis Samstag: 10.00 &#8211; 18.00 Uhr<br \/>\nSonntag u. Feiertag:\u00a0\u00a0 12.00 &#8211; 17.00 Uhr<br \/>\n<\/div>\n<div class=\"col-6  hb-animate-element hb-right-to-left\">\n<div class=\"hb-box-frame  medium \"><span><a><img loading=\"lazy\" decoding=\"async\" src=\"http:\/\/keramik-mields.de\/wp-content\/uploads\/2015\/03\/felix.jpg\" width=\"500\" height=\"492\" alt=\"Image\"\/><\/a><\/span><\/div>\nDipl.-Ing. Felix R. Mields<\/p>\n<p>* 1941 in Meissen<br \/>\nbis 1967 Studium Silikath\u00fcttenkunde an der Bergakademie Freiberg, Dipl.-Ing<br \/>\nbis 1980 Wissenschaftlicher Mitarbeiter an der Akademie der Wissenschaften der DDR in Berlin<br \/>\nseit 1980 selbst\u00e4ndiger Keramiker<br \/>\n<\/div>\n<\/div><\/div><div class=\"video-overlay no-overlay\"><\/div><\/div>\n<div class=\"fw-section hb-one-page-section without-border no-overlay dark-text-color\" style=\"background-color:#ffffff;padding-top:30px;padding-bottom:0px;\" data-title=\"Galerie\" id=\"foto-galerie-keramik\"><div class=\"row fw-content-wrap\"><div class=\"col-12 nbm\">\n<div class=\"shortcode-wrapper shortcode-portfolio-fullwidth gallery-carousel-wrapper-2\"><div class=\"fw-section without-border light-text\"><div class=\"hb-fw-elements columns-2\"><div class=\"hb-fw-element item-has-overlay\"><a href=\"http:\/\/keramik-mields.de\/?portfolio=tassen-und-becher\"><img loading=\"lazy\" decoding=\"async\" src=\"http:\/\/keramik-mields.de\/wp-content\/uploads\/2014\/11\/CRW_2655-1000x562.jpg\" width=\"1000\" height=\"562\" alt=\"Mokkabecher, Keramik Mields, Craquele\u0301\"\/><div class=\"item-overlay-text\"><div class=\"item-overlay-text-wrap\"><h4><span class=\"hb-gallery-item-name\">Tassen und Becher<\/span><\/h4><div class=\"hb-small-separator\"><\/div><span class=\"item-count-text\">11 Jan. 2015<\/span><\/div><\/div><\/a><\/div><div class=\"hb-fw-element item-has-overlay\"><a href=\"http:\/\/keramik-mields.de\/?portfolio=flaschen\"><img loading=\"lazy\" decoding=\"async\" src=\"http:\/\/keramik-mields.de\/wp-content\/uploads\/2015\/01\/CRW_2657_2-1000x562.jpg\" width=\"1000\" height=\"562\" alt=\"Flaschen und Schale, Studiokeramik Mields\"\/><div class=\"item-overlay-text\"><div class=\"item-overlay-text-wrap\"><h4><span class=\"hb-gallery-item-name\">Flaschen<\/span><\/h4><div class=\"hb-small-separator\"><\/div><span class=\"item-count-text\">11 Jan. 2015<\/span><\/div><\/div><\/a><\/div><div class=\"hb-fw-element item-has-overlay\"><a href=\"http:\/\/keramik-mields.de\/?portfolio=schalen\"><img loading=\"lazy\" decoding=\"async\" src=\"http:\/\/keramik-mields.de\/wp-content\/uploads\/2014\/11\/MG_9299-1000x562.jpg\" width=\"1000\" height=\"562\" alt=\"Keramikstudio Mields, Berlin\"\/><div class=\"item-overlay-text\"><div class=\"item-overlay-text-wrap\"><h4><span class=\"hb-gallery-item-name\">Schalen und Sch\u00fcsseln<\/span><\/h4><div class=\"hb-small-separator\"><\/div><span class=\"item-count-text\">18 Nov. 2014<\/span><\/div><\/div><\/a><\/div><div class=\"hb-fw-element item-has-overlay\"><a href=\"http:\/\/keramik-mields.de\/?portfolio=vasen\"><img loading=\"lazy\" decoding=\"async\" src=\"http:\/\/keramik-mields.de\/wp-content\/uploads\/2014\/11\/MG_0043-1000x562.jpg\" width=\"1000\" height=\"562\" alt=\"Felix R Mields Keramikwerkstatt, T\u00f6pferei, Berlin\"\/><div class=\"item-overlay-text\"><div class=\"item-overlay-text-wrap\"><h4><span class=\"hb-gallery-item-name\">Vasen<\/span><\/h4><div class=\"hb-small-separator\"><\/div><span class=\"item-count-text\">11 Jan. 2015<\/span><\/div><\/div><\/a><\/div><\/div><\/div><\/div><\/div><\/div><div class=\"video-overlay no-overlay\"><\/div><\/div>\n<p>&nbsp;<\/p>\n<blockquote>\n<h1><span style=\"color: #999999;\">Es gibt keine Gestaltung ohne Tradition; das &#8222;Neue&#8220; ist nur eine Wende einer vorangegangenen Form<\/span><\/h1>\n<p>&nbsp;<\/p><\/blockquote>\n<div class=\"fw-section hb-one-page-section without-border no-overlay dark-text-color\" style=\"background-color:#ffffff;padding-top:60px;padding-bottom:0px;\" data-title=\"Herstellung\" id=\"herstellung-produktion-handwerk\"><div class=\"row fw-content-wrap\"><div class=\"col-12 nbm\">\n<div class=\"shortcode-wrapper shortcode-title clearfix\"><h2 class=\"\">HERSTELLUNG<\/h2><\/div>\n<div class=\"col-6  hb-animate-element hb-left-to-right\">\nUnsere Irdenware besteht im Wesentlichen aus f\u00fcnf Komponenten: Ton aus Frohnsdorf (Sachsen), aus Friedland (Mecklenburg) und aus Eisenberg (Thu\u0308ringen), gemahlener Feldspat aus Schweden und schlie\u00dflich Rotschlamm, ein Nebenprodukt der Aluminiumherstellung aus Bauxit. Der Eisenberger Ton macht die sch\u00f6ne rote Brennfarbe und l\u00e4sst sich gut auf der Scheibe drehen. Er ist ber\u00fchmt fu\u0308r seine gute Bildsamkeit. Der Frohnsdorfer Ton gleicht den Volumenverlust (Trockenschwindung) des Eisenberger Tones aus, da er ein sehr \u201ekurzer\u201d, wie der Keramiker sagt, wenig schwindender Ton ist. Allerdings erfordert er hohe Brenntemperaturen.<\/p>\n<div class=\"hb-no-frame  \"><span><a><img loading=\"lazy\" decoding=\"async\" src=\"http:\/\/keramik-mields.de\/wp-content\/uploads\/2014\/11\/kneten.jpg\" width=\"1200\" height=\"515\" alt=\"Image\"\/><\/a><\/span><\/div>\n<p>Um diesen Nachteil auszugleichen, wird der Friedl\u00e4nder beigemischt. Der Feldspat sorgt f\u00fcr eine dichte und mechanisch hochfeste Masse, er fungiert als Flussmittel, ebenso der Rotschlamm, der ausserdem die rote Farbe der Masse dergestalt vertieft, da\u00df sie dem originalen Eisenberger Ton nahekommt, aber dessen Nachteile nicht aufweist. Das Mischungsverh\u00e4ltnis der Tonsorten und der anderen Zuschl\u00e4ge geh\u00f6rt zu den Besonderheiten jeder traditionell arbeitenden T\u00f6pferwerkstatt, die deren Produkte f\u00fcr den Kenner unverwechselbar machen. Die bei uns eingelagerten Vorr\u00e4te erm\u00f6glichen eine gleichbleibende Qualit\u00e4t der Masse \u00fcber Jahrzehnte hinweg.<\/p>\n<div class=\"hb-no-frame  \"><span><a><img loading=\"lazy\" decoding=\"async\" src=\"http:\/\/keramik-mields.de\/wp-content\/uploads\/2014\/11\/Art_of_pottery02.jpg\" width=\"2125\" height=\"761\" alt=\"Image\"\/><\/a><\/span><\/div>\n<p>Unsere selbst hergestellten Glasuren sind in der Hauptsache Mehrschichtglasuren, d.h. auf die geschr\u00fchte Keramik wird zun\u00e4chst eine Koperta aufgebracht. Sie verhindert chemische Reaktionen des Scherbens mit Glasurbestandteilen. Auf die Koperta wird dann z.B. ein Wei\u00df aufgebracht, anschlie\u00dfend mit einem Blau \u00fcberschichtet und zum Schluss mit einer d\u00fcnnflu\u0308ssigen transparenten Glasur abgeschlossen. So entsteht eine lebendige Abstufung zwischen den beiden Farbkomponenten, die \u00e4hnlich wie bei einer Hinterglasmalerei Brillanz und Farbtiefe aufweist.<br \/>\n<\/div>\n<div class=\"col-6  hb-animate-element hb-right-to-left\">\n<div class=\"hb-no-frame   hb-animate-element hb-left-to-right\" data-delay=\"300\"><span><a><img loading=\"lazy\" decoding=\"async\" src=\"http:\/\/keramik-mields.de\/wp-content\/uploads\/2015\/01\/glasieren.jpg\" width=\"3648\" height=\"1548\" alt=\"Image\"\/><\/a><\/span><\/div>\n<p>Eine weitere von uns verwendete Technik ist die Craquele\u0301-Glasur. Hierbei werden Glasuren verwendet, die nach dem Brand, je nach Geschwindigkeit der Abk\u00fchlung, Spannungsrisse entwickeln. Diese Risse werden mit Metallsalzen eingef\u00e4rbt. In einem dritten Brand werden sie wieder verschlossen und es entsteht das dekorative und unverwechselbare Craquele\u0301. Auch hier k\u00f6nnen mehrere Farben \u00fcbereinander gelegt werden.<br \/>\nEchte Mattglasuren werden von uns durch Verwendung spezieller Mischungen hergestellt, bei denen sich durch Kristallisationsvorg\u00e4nge eine matte samtig-weiche Oberfl\u00e4che entwickelt.<\/p>\n<p>Das fertig geformte Gef\u00e4\u00df muss je nach Gr\u00f6\u00dfe bis zu drei Wochen langsam an der Luft trocknen. Das Brennen der Gef\u00e4\u00dfe erfolgt in mindestens zwei Schritten: Der erste Brand, der Schr\u00fchbrand, wird bei ca. 970 \u00b0C vorgenommen, dauert etwa 26 Stunden und dient der Vorbereitung f\u00fcr das Aufbringen und Einbrennen der Glasur. Der zweite Brand, der Glasur- oder Glattbrand, wird bei 1130 \u00b0C vorgenommen.<br \/>\nZum Vergleich: Porzellan und Steinzeug werden bei 1300 \u00b0C gebrannt. Die bei uns verwendete Massemischung liefert bei der vergleichsweise niedrigen Temperatur von 1130 \u00b0C infolge des abgestimmten Flussmittelanteils gleichwohl ein dem Steinzeug \u00e4hnliches, dichtes und festes Material. Der Glattbrand dauert mindestens 36 Stunden und erfordert eine besonders sorgf\u00e4ltige Temperaturf\u00fchrung des Brennofens.<\/p>\n<div class=\"hb-no-frame   hb-animate-element hb-left-to-right\" data-delay=\"300\"><span><a><img loading=\"lazy\" decoding=\"async\" src=\"http:\/\/keramik-mields.de\/wp-content\/uploads\/2015\/01\/vasen.jpg\" width=\"2000\" height=\"558\" alt=\"Image\"\/><\/a><\/span><\/div>\n<p>F\u00fcr das Erscheinungsbild der fertigen Keramik ist damit ein sehr komplexes System unterschiedlicher Faktoren verantwortlich, in dem Formgebung, Zusammensetzung der Glasur, Schichtdicke und Reihenfolge des Glasurauftrages, Temperaturh\u00f6he beim Glattbrand sowie Aufheiz- und Abk\u00fchlungsgeschwindigkeit zusammenwirken.<br \/>\n<\/div>\n<\/div><\/div><div class=\"video-overlay no-overlay\"><\/div><\/div>\n<div class=\"fw-section hb-one-page-section without-border no-overlay dark-text-color\" style=\"background-color:#ffffff;padding-top:30px;padding-bottom:50px;\"><div class=\"row fw-content-wrap\"><div class=\"col-12 nbm\"><div class=\"col-12  hb-animate-element hb-bottom-to-top\">\nTheoretisch ist vieles davon bekannt. Dennoch besteht die Kunst darin, zumindest in Grenzen reproduzierbare Effekte zu erzielen. Solches Wissen wurde fr\u00fcher hoch gehandelt und als Werkstattgeheimnis wohl geh\u00fctet. Auch heute noch l\u00e4sst sich die Handschrift der Werkst\u00e4tten bzw. ihrer Meister erkennen. In meiner Werkstatt habe ich auf der Grundlage meiner seinerzeit beim Studium der Silikath\u00fcttenkunde erworbenen Kenntnisse in langen Experimenten versucht, die Techniken und Farben ber\u00fchmter Manufakturen des 19. und 20. Jahrhunderts (z.B. Pecs, Wedgwood) wieder aufleben zu lassen.<br \/>\n<\/div>\n<\/div><\/div><div class=\"video-overlay no-overlay\"><\/div><\/div>\n","protected":false},"excerpt":{"rendered":"<p>&nbsp; Es gibt keine Gestaltung ohne Tradition; das &#8222;Neue&#8220; ist nur eine Wende einer vorangegangenen Form &nbsp;<\/p>\n","protected":false},"author":1,"featured_media":0,"parent":0,"menu_order":0,"comment_status":"open","ping_status":"open","template":"","meta":{"footnotes":""},"class_list":["post-2","page","type-page","status-publish","hentry"],"_links":{"self":[{"href":"http:\/\/keramik-mields.de\/index.php?rest_route=\/wp\/v2\/pages\/2","targetHints":{"allow":["GET"]}}],"collection":[{"href":"http:\/\/keramik-mields.de\/index.php?rest_route=\/wp\/v2\/pages"}],"about":[{"href":"http:\/\/keramik-mields.de\/index.php?rest_route=\/wp\/v2\/types\/page"}],"author":[{"embeddable":true,"href":"http:\/\/keramik-mields.de\/index.php?rest_route=\/wp\/v2\/users\/1"}],"replies":[{"embeddable":true,"href":"http:\/\/keramik-mields.de\/index.php?rest_route=%2Fwp%2Fv2%2Fcomments&post=2"}],"version-history":[{"count":134,"href":"http:\/\/keramik-mields.de\/index.php?rest_route=\/wp\/v2\/pages\/2\/revisions"}],"predecessor-version":[{"id":308,"href":"http:\/\/keramik-mields.de\/index.php?rest_route=\/wp\/v2\/pages\/2\/revisions\/308"}],"wp:attachment":[{"href":"http:\/\/keramik-mields.de\/index.php?rest_route=%2Fwp%2Fv2%2Fmedia&parent=2"}],"curies":[{"name":"wp","href":"https:\/\/api.w.org\/{rel}","templated":true}]}}